{"id":17,"date":"2024-03-31T14:30:03","date_gmt":"2024-03-31T12:30:03","guid":{"rendered":"https:\/\/tech-spot.pl\/?page_id=17"},"modified":"2024-12-03T22:24:01","modified_gmt":"2024-12-03T21:24:01","slug":"strona-glowna","status":"publish","type":"page","link":"https:\/\/tech-spot.pl\/","title":{"rendered":"Strona G\u0142\u00f3wna"},"content":{"rendered":"\t\t<div data-elementor-type=\"wp-page\" data-elementor-id=\"17\" class=\"elementor elementor-17\">\n\t\t\t\t\t\t<section class=\"elementor-section elementor-top-section elementor-element elementor-element-5da52e5 elementor-section-height-min-height elementor-section-items-stretch elementor-section-content-bottom elementor-section-boxed elementor-section-height-default\" data-id=\"5da52e5\" data-element_type=\"section\" data-settings=\"{&quot;background_background&quot;:&quot;video&quot;,&quot;background_video_link&quot;:&quot;https:\\\/\\\/www.youtube.com\\\/watch?v=LrhurzgLeXE&quot;,&quot;background_play_on_mobile&quot;:&quot;yes&quot;,&quot;shape_divider_bottom&quot;:&quot;pyramids&quot;,&quot;shape_divider_bottom_negative&quot;:&quot;yes&quot;}\">\n\t\t\t\t\t\t\t\t<div class=\"elementor-background-video-container\">\n\t\t\t\t\t\t\t\t\t\t\t\t\t<div class=\"elementor-background-video-embed\"><\/div>\n\t\t\t\t\t\t\t\t\t\t\t\t<\/div>\n\t\t\t\t\t\t\t\t\t<div class=\"elementor-background-overlay\"><\/div>\n\t\t\t\t\t\t<div class=\"elementor-shape elementor-shape-bottom\" data-negative=\"true\">\n\t\t\t<svg xmlns=\"http:\/\/www.w3.org\/2000\/svg\" viewBox=\"0 0 1000 100\" preserveAspectRatio=\"none\">\n\t<path class=\"elementor-shape-fill\" d=\"M761.9,40.6L643.1,24L333.9,93.8L0.1,1H0v99h1000V1\"\/>\n<\/svg>\t\t<\/div>\n\t\t\t\t\t<div class=\"elementor-container elementor-column-gap-default\">\n\t\t\t\t\t<div class=\"elementor-column elementor-col-100 elementor-top-column elementor-element elementor-element-421d308\" data-id=\"421d308\" data-element_type=\"column\">\n\t\t\t<div class=\"elementor-widget-wrap elementor-element-populated\">\n\t\t\t\t\t\t<div class=\"elementor-element elementor-element-388c264 elementor-invisible elementor-widget elementor-widget-heading\" data-id=\"388c264\" data-element_type=\"widget\" data-settings=\"{&quot;_animation&quot;:&quot;fadeInUp&quot;}\" data-widget_type=\"heading.default\">\n\t\t\t\t<div class=\"elementor-widget-container\">\n\t\t\t<style>\/*! elementor - v3.20.0 - 26-03-2024 *\/\n.elementor-heading-title{padding:0;margin:0;line-height:1}.elementor-widget-heading .elementor-heading-title[class*=elementor-size-]>a{color:inherit;font-size:inherit;line-height:inherit}.elementor-widget-heading .elementor-heading-title.elementor-size-small{font-size:15px}.elementor-widget-heading .elementor-heading-title.elementor-size-medium{font-size:19px}.elementor-widget-heading .elementor-heading-title.elementor-size-large{font-size:29px}.elementor-widget-heading .elementor-heading-title.elementor-size-xl{font-size:39px}.elementor-widget-heading .elementor-heading-title.elementor-size-xxl{font-size:59px}<\/style><h2 class=\"elementor-heading-title elementor-size-default\">Darmowa Diagnostyka<br>\nTwoich Urz\u0105dze\u0144!<\/h2>\t\t<\/div>\n\t\t\t\t<\/div>\n\t\t\t\t<div class=\"elementor-element elementor-element-a7fa7fb elementor-align-center elementor-mobile-align-center elementor-widget elementor-widget-button\" data-id=\"a7fa7fb\" data-element_type=\"widget\" data-widget_type=\"button.default\">\n\t\t\t\t<div class=\"elementor-widget-container\">\n\t\t\t\t\t<div class=\"elementor-button-wrapper\">\n\t\t\t<a class=\"elementor-button elementor-button-link elementor-size-md elementor-animation-grow\" href=\"https:\/\/tech-spot.pl\/index.php\/kontakt\/\">\n\t\t\t\t\t\t<span class=\"elementor-button-content-wrapper\">\n\t\t\t\t\t\t<span class=\"elementor-button-text\">Odbierz Diagnostyk\u0119<\/span>\n\t\t<\/span>\n\t\t\t\t\t<\/a>\n\t\t<\/div>\n\t\t\t\t<\/div>\n\t\t\t\t<\/div>\n\t\t\t\t<section class=\"elementor-section elementor-inner-section elementor-element elementor-element-2c56a36 elementor-section-boxed elementor-section-height-default elementor-section-height-default elementor-invisible\" data-id=\"2c56a36\" data-element_type=\"section\" data-settings=\"{&quot;animation&quot;:&quot;fadeIn&quot;,&quot;animation_delay&quot;:400}\">\n\t\t\t\t\t\t<div class=\"elementor-container elementor-column-gap-narrow\">\n\t\t\t\t\t<div class=\"elementor-column elementor-col-100 elementor-inner-column elementor-element elementor-element-9b6e6c2\" data-id=\"9b6e6c2\" data-element_type=\"column\">\n\t\t\t<div class=\"elementor-widget-wrap\">\n\t\t\t\t\t\t\t<\/div>\n\t\t<\/div>\n\t\t\t\t\t<\/div>\n\t\t<\/section>\n\t\t\t\t\t<\/div>\n\t\t<\/div>\n\t\t\t\t\t<\/div>\n\t\t<\/section>\n\t\t<div class=\"elementor-element elementor-element-d3b8eb2 e-flex e-con-boxed e-con e-parent\" data-id=\"d3b8eb2\" data-element_type=\"container\" data-settings=\"{&quot;background_background&quot;:&quot;classic&quot;}\" data-core-v316-plus=\"true\">\n\t\t\t\t\t<div class=\"e-con-inner\">\n\t\t\t\t<div class=\"elementor-element elementor-element-b178edc elementor-invisible elementor-widget elementor-widget-heading\" data-id=\"b178edc\" data-element_type=\"widget\" data-settings=\"{&quot;_animation&quot;:&quot;fadeInUp&quot;}\" data-widget_type=\"heading.default\">\n\t\t\t\t<div class=\"elementor-widget-container\">\n\t\t\t<h2 class=\"elementor-heading-title elementor-size-default\">Oferujemy<\/h2>\t\t<\/div>\n\t\t\t\t<\/div>\n\t\t\t\t\t<\/div>\n\t\t\t\t<\/div>\n\t\t<div class=\"elementor-element elementor-element-803b3ec e-flex e-con-boxed e-con e-child\" data-id=\"803b3ec\" data-element_type=\"container\" data-settings=\"{&quot;animation&quot;:&quot;none&quot;,&quot;background_background&quot;:&quot;classic&quot;}\">\n\t\t\t\t\t<div class=\"e-con-inner\">\n\t\t<div class=\"elementor-element elementor-element-a00b342 e-con-full e-flex elementor-invisible e-con e-child\" data-id=\"a00b342\" data-element_type=\"container\" data-settings=\"{&quot;background_background&quot;:&quot;classic&quot;,&quot;animation&quot;:&quot;fadeInLeft&quot;}\">\n\t\t\t\t<div class=\"elementor-element elementor-element-555c64e elementor-position-top elementor-widget elementor-widget-image-box\" data-id=\"555c64e\" data-element_type=\"widget\" data-widget_type=\"image-box.default\">\n\t\t\t\t<div class=\"elementor-widget-container\">\n\t\t\t<style>\/*! elementor - v3.20.0 - 26-03-2024 *\/\n.elementor-widget-image-box .elementor-image-box-content{width:100%}@media (min-width:768px){.elementor-widget-image-box.elementor-position-left .elementor-image-box-wrapper,.elementor-widget-image-box.elementor-position-right .elementor-image-box-wrapper{display:flex}.elementor-widget-image-box.elementor-position-right .elementor-image-box-wrapper{text-align:right;flex-direction:row-reverse}.elementor-widget-image-box.elementor-position-left .elementor-image-box-wrapper{text-align:left;flex-direction:row}.elementor-widget-image-box.elementor-position-top .elementor-image-box-img{margin:auto}.elementor-widget-image-box.elementor-vertical-align-top .elementor-image-box-wrapper{align-items:flex-start}.elementor-widget-image-box.elementor-vertical-align-middle .elementor-image-box-wrapper{align-items:center}.elementor-widget-image-box.elementor-vertical-align-bottom .elementor-image-box-wrapper{align-items:flex-end}}@media (max-width:767px){.elementor-widget-image-box .elementor-image-box-img{margin-left:auto!important;margin-right:auto!important;margin-bottom:15px}}.elementor-widget-image-box .elementor-image-box-img{display:inline-block}.elementor-widget-image-box .elementor-image-box-title a{color:inherit}.elementor-widget-image-box .elementor-image-box-wrapper{text-align:center}.elementor-widget-image-box .elementor-image-box-description{margin:0}<\/style><div class=\"elementor-image-box-wrapper\"><figure class=\"elementor-image-box-img\"><img fetchpriority=\"high\" decoding=\"async\" width=\"512\" height=\"512\" src=\"https:\/\/tech-spot.pl\/wp-content\/uploads\/2024\/04\/pendrive-1.png\" class=\"attachment-full size-full wp-image-401\" alt=\"\" srcset=\"https:\/\/tech-spot.pl\/wp-content\/uploads\/2024\/04\/pendrive-1.png 512w, https:\/\/tech-spot.pl\/wp-content\/uploads\/2024\/04\/pendrive-1-300x300.png 300w, https:\/\/tech-spot.pl\/wp-content\/uploads\/2024\/04\/pendrive-1-150x150.png 150w\" sizes=\"(max-width: 512px) 100vw, 512px\" \/><\/figure><div class=\"elementor-image-box-content\"><h3 class=\"elementor-image-box-title\">Odzyskiwanie Danych <\/h3><p class=\"elementor-image-box-description\">Odzyskujemy utracone dane z dysk\u00f3w, pendrive'\u00f3w, kart pami\u0119ci oraz innych urz\u0105dze\u0144.<\/p><\/div><\/div>\t\t<\/div>\n\t\t\t\t<\/div>\n\t\t\t\t<\/div>\n\t\t<div class=\"elementor-element elementor-element-c9122c0 e-con-full e-flex elementor-invisible e-con e-child\" data-id=\"c9122c0\" data-element_type=\"container\" data-settings=\"{&quot;background_background&quot;:&quot;classic&quot;,&quot;animation&quot;:&quot;fadeInUp&quot;}\">\n\t\t\t\t<div class=\"elementor-element elementor-element-7fc93c5 elementor-position-top elementor-widget elementor-widget-image-box\" data-id=\"7fc93c5\" data-element_type=\"widget\" data-widget_type=\"image-box.default\">\n\t\t\t\t<div class=\"elementor-widget-container\">\n\t\t\t<div class=\"elementor-image-box-wrapper\"><figure class=\"elementor-image-box-img\"><img decoding=\"async\" width=\"512\" height=\"512\" src=\"https:\/\/tech-spot.pl\/wp-content\/uploads\/2024\/04\/pc.png\" class=\"attachment-full size-full wp-image-396\" alt=\"\" srcset=\"https:\/\/tech-spot.pl\/wp-content\/uploads\/2024\/04\/pc.png 512w, https:\/\/tech-spot.pl\/wp-content\/uploads\/2024\/04\/pc-300x300.png 300w, https:\/\/tech-spot.pl\/wp-content\/uploads\/2024\/04\/pc-150x150.png 150w\" sizes=\"(max-width: 512px) 100vw, 512px\" \/><\/figure><div class=\"elementor-image-box-content\"><h3 class=\"elementor-image-box-title\">Monta\u017c Komputer\u00f3w<\/h3><p class=\"elementor-image-box-description\">Zajmujemy si\u0119 sk\u0142adaniem komputer\u00f3w: do gier, do projektowanie grafiki, obr\u00f3bki film\u00f3w, itp.<\/p><\/div><\/div>\t\t<\/div>\n\t\t\t\t<\/div>\n\t\t\t\t<\/div>\n\t\t<div class=\"elementor-element elementor-element-1a83765 e-con-full e-flex elementor-invisible e-con e-child\" data-id=\"1a83765\" data-element_type=\"container\" data-settings=\"{&quot;background_background&quot;:&quot;classic&quot;,&quot;animation&quot;:&quot;fadeInRight&quot;}\">\n\t\t\t\t<div class=\"elementor-element elementor-element-93856f8 elementor-position-top elementor-widget elementor-widget-image-box\" data-id=\"93856f8\" data-element_type=\"widget\" data-widget_type=\"image-box.default\">\n\t\t\t\t<div class=\"elementor-widget-container\">\n\t\t\t<div class=\"elementor-image-box-wrapper\"><figure class=\"elementor-image-box-img\"><img decoding=\"async\" width=\"512\" height=\"512\" src=\"https:\/\/tech-spot.pl\/wp-content\/uploads\/2024\/04\/pc2.png\" class=\"attachment-full size-full wp-image-397\" alt=\"\" srcset=\"https:\/\/tech-spot.pl\/wp-content\/uploads\/2024\/04\/pc2.png 512w, https:\/\/tech-spot.pl\/wp-content\/uploads\/2024\/04\/pc2-300x300.png 300w, https:\/\/tech-spot.pl\/wp-content\/uploads\/2024\/04\/pc2-150x150.png 150w\" sizes=\"(max-width: 512px) 100vw, 512px\" \/><\/figure><div class=\"elementor-image-box-content\"><h3 class=\"elementor-image-box-title\">Instalacja Oprogramowania<\/h3><p class=\"elementor-image-box-description\">Zajmujemy si\u0119 instalowaniem oraz konfiguracj\u0105 oprogramowania na komputery oraz laptopy.<\/p><\/div><\/div>\t\t<\/div>\n\t\t\t\t<\/div>\n\t\t\t\t<\/div>\n\t\t<div class=\"elementor-element elementor-element-d37671a e-con-full e-flex elementor-invisible e-con e-child\" data-id=\"d37671a\" data-element_type=\"container\" data-settings=\"{&quot;background_background&quot;:&quot;classic&quot;,&quot;animation&quot;:&quot;fadeInLeft&quot;}\">\n\t\t\t\t<div class=\"elementor-element elementor-element-6128584 elementor-position-top elementor-widget elementor-widget-image-box\" data-id=\"6128584\" data-element_type=\"widget\" data-widget_type=\"image-box.default\">\n\t\t\t\t<div class=\"elementor-widget-container\">\n\t\t\t<div class=\"elementor-image-box-wrapper\"><figure class=\"elementor-image-box-img\"><img loading=\"lazy\" decoding=\"async\" width=\"512\" height=\"512\" src=\"https:\/\/tech-spot.pl\/wp-content\/uploads\/2024\/04\/PC35235.png\" class=\"attachment-full size-full wp-image-400\" alt=\"\" srcset=\"https:\/\/tech-spot.pl\/wp-content\/uploads\/2024\/04\/PC35235.png 512w, https:\/\/tech-spot.pl\/wp-content\/uploads\/2024\/04\/PC35235-300x300.png 300w, https:\/\/tech-spot.pl\/wp-content\/uploads\/2024\/04\/PC35235-150x150.png 150w\" sizes=\"(max-width: 512px) 100vw, 512px\" \/><\/figure><div class=\"elementor-image-box-content\"><h3 class=\"elementor-image-box-title\">Naprawa Komputer\u00f3w i Laptop\u00f3w <\/h3><p class=\"elementor-image-box-description\">Od wymiany matrycy po czyszczenie uk\u0142adu ch\u0142odzenia. Wykonujemy wszystkie prace serwisowe zwi\u0105zane z komputerami i laptopami.<\/p><\/div><\/div>\t\t<\/div>\n\t\t\t\t<\/div>\n\t\t\t\t<\/div>\n\t\t<div class=\"elementor-element elementor-element-93c0b07 e-con-full e-flex elementor-invisible e-con e-child\" data-id=\"93c0b07\" data-element_type=\"container\" data-settings=\"{&quot;background_background&quot;:&quot;classic&quot;,&quot;animation&quot;:&quot;fadeInUp&quot;}\">\n\t\t\t\t<div class=\"elementor-element elementor-element-1966728 elementor-position-top elementor-widget elementor-widget-image-box\" data-id=\"1966728\" data-element_type=\"widget\" data-widget_type=\"image-box.default\">\n\t\t\t\t<div class=\"elementor-widget-container\">\n\t\t\t<div class=\"elementor-image-box-wrapper\"><figure class=\"elementor-image-box-img\"><img loading=\"lazy\" decoding=\"async\" width=\"512\" height=\"512\" src=\"https:\/\/tech-spot.pl\/wp-content\/uploads\/2024\/04\/PC4.png\" class=\"attachment-full size-full wp-image-398\" alt=\"\" srcset=\"https:\/\/tech-spot.pl\/wp-content\/uploads\/2024\/04\/PC4.png 512w, https:\/\/tech-spot.pl\/wp-content\/uploads\/2024\/04\/PC4-300x300.png 300w, https:\/\/tech-spot.pl\/wp-content\/uploads\/2024\/04\/PC4-150x150.png 150w\" sizes=\"(max-width: 512px) 100vw, 512px\" \/><\/figure><div class=\"elementor-image-box-content\"><h3 class=\"elementor-image-box-title\">Naprawa Konsol i innej elektroniki<\/h3><p class=\"elementor-image-box-description\">Je\u015bli masz zepsut\u0105 konsole lub innego rodzaju elektronik\u0119, z ch\u0119ci\u0105 j\u0105 naprawimy!<\/p><\/div><\/div>\t\t<\/div>\n\t\t\t\t<\/div>\n\t\t\t\t<\/div>\n\t\t<div class=\"elementor-element elementor-element-ef0721c e-con-full e-flex elementor-invisible e-con e-child\" data-id=\"ef0721c\" data-element_type=\"container\" data-settings=\"{&quot;background_background&quot;:&quot;classic&quot;,&quot;animation&quot;:&quot;fadeInRight&quot;}\">\n\t\t\t\t<div class=\"elementor-element elementor-element-4a5a116 elementor-position-top elementor-widget elementor-widget-image-box\" data-id=\"4a5a116\" data-element_type=\"widget\" data-widget_type=\"image-box.default\">\n\t\t\t\t<div class=\"elementor-widget-container\">\n\t\t\t<div class=\"elementor-image-box-wrapper\"><figure class=\"elementor-image-box-img\"><img loading=\"lazy\" decoding=\"async\" width=\"512\" height=\"512\" src=\"https:\/\/tech-spot.pl\/wp-content\/uploads\/2024\/04\/PC5.png\" class=\"attachment-full size-full wp-image-399\" alt=\"\" srcset=\"https:\/\/tech-spot.pl\/wp-content\/uploads\/2024\/04\/PC5.png 512w, https:\/\/tech-spot.pl\/wp-content\/uploads\/2024\/04\/PC5-300x300.png 300w, https:\/\/tech-spot.pl\/wp-content\/uploads\/2024\/04\/PC5-150x150.png 150w\" sizes=\"(max-width: 512px) 100vw, 512px\" \/><\/figure><div class=\"elementor-image-box-content\"><h3 class=\"elementor-image-box-title\">Czyszczenie Systemu Operacyjnego<\/h3><p class=\"elementor-image-box-description\">Przywracany systemy na urz\u0105dzeniach do czas\u00f3w ich \u015bwietno\u015bci.<\/p><\/div><\/div>\t\t<\/div>\n\t\t\t\t<\/div>\n\t\t\t\t<\/div>\n\t\t\t\t\t<\/div>\n\t\t\t\t<\/div>\n\t\t\t\t<\/div>\n\t\t","protected":false},"excerpt":{"rendered":"<p>Darmowa Diagnostyka Twoich Urz\u0105dze\u0144! Odbierz Diagnostyk\u0119 Oferujemy Odzyskiwanie Danych Odzyskujemy utracone dane z dysk\u00f3w, pendrive&#8217;\u00f3w, kart pami\u0119ci oraz innych urz\u0105dze\u0144. Monta\u017c Komputer\u00f3w Zajmujemy si\u0119 sk\u0142adaniem komputer\u00f3w: do gier, do projektowanie grafiki, obr\u00f3bki film\u00f3w, itp. Instalacja Oprogramowania Zajmujemy si\u0119 instalowaniem oraz konfiguracj\u0105 oprogramowania na komputery oraz laptopy. Naprawa Komputer\u00f3w i Laptop\u00f3w [&hellip;]<\/p>\n","protected":false},"author":1,"featured_media":0,"parent":0,"menu_order":0,"comment_status":"closed","ping_status":"closed","template":"page-templates\/template-pagebuilder-full-width.php","meta":{"footnotes":""},"_links":{"self":[{"href":"https:\/\/tech-spot.pl\/index.php\/wp-json\/wp\/v2\/pages\/17"}],"collection":[{"href":"https:\/\/tech-spot.pl\/index.php\/wp-json\/wp\/v2\/pages"}],"about":[{"href":"https:\/\/tech-spot.pl\/index.php\/wp-json\/wp\/v2\/types\/page"}],"author":[{"embeddable":true,"href":"https:\/\/tech-spot.pl\/index.php\/wp-json\/wp\/v2\/users\/1"}],"replies":[{"embeddable":true,"href":"https:\/\/tech-spot.pl\/index.php\/wp-json\/wp\/v2\/comments?post=17"}],"version-history":[{"count":43,"href":"https:\/\/tech-spot.pl\/index.php\/wp-json\/wp\/v2\/pages\/17\/revisions"}],"predecessor-version":[{"id":975,"href":"https:\/\/tech-spot.pl\/index.php\/wp-json\/wp\/v2\/pages\/17\/revisions\/975"}],"wp:attachment":[{"href":"https:\/\/tech-spot.pl\/index.php\/wp-json\/wp\/v2\/media?parent=17"}],"curies":[{"name":"wp","href":"https:\/\/api.w.org\/{rel}","templated":true}]}}